{"id":7,"date":"2022-02-17T00:46:36","date_gmt":"2022-02-16T23:46:36","guid":{"rendered":"https:\/\/www.fondationjbnothomb.eu\/?page_id=3"},"modified":"2024-09-04T14:15:13","modified_gmt":"2024-09-04T12:15:13","slug":"politique-de-confidentialite","status":"publish","type":"page","link":"https:\/\/fondationjbnothomb.eu\/?page_id=7","title":{"rendered":"Politique de confidentialit\u00e9 et mentions l\u00e9gales"},"content":{"rendered":"\n<p><\/p>\n\n\n\n<h2 class=\"wp-block-heading\">Qui sommes-nous&nbsp;?<\/h2>\n\n\n\n<p>\u00ab ASBL Fondation Jean-Baptiste Nothomb pour le plurilinguisme dans la R\u00e9gion des Trois Fronti\u00e8res et la Grande R\u00e9gion\u00bb<\/p>\n\n\n\n<p>Association sans but lucratif<\/p>\n\n\n\n<p>Rue Grande 100 (H\u00f4tel de Ville) \u00e0 6780 Messancy<\/p>\n\n\n\n<p>N.E. : 0451.616.360<\/p>\n\n\n\n<p>L\u2019adresse de notre site Web est&nbsp;: https:\/\/www.fondationjbnothomb.eu.<\/p>\n\n\n\n<p>La FJBN pour le plurilinguisme dans la R\u00e9gion des Trois Fronti\u00e8res (Belgique, France, Grand-Duch\u00e9 de Luxembourg) et la Grande R\u00e9gion a pour objet<\/p>\n\n\n\n<ul class=\"wp-block-list\">\n<li>le renforcement de la qualit\u00e9 et le d\u00e9veloppement de l\u2019enseignement, ainsi que de la connaissance et de la pratique des langues europ\u00e9ennes dans la R\u00e9gion des Trois Fronti\u00e8res et la Grande R\u00e9gion ;<\/li>\n\n\n\n<li>l\u2019appui aux actions en faveur des cultures r\u00e9gionales pour permettre aux jeunes de mieux apprendre \u00e0 conna\u00eetre leur r\u00e9gion et les r\u00e9gions voisines dans leur contexte historique et europ\u00e9en ;<\/li>\n\n\n\n<li>le soutien de la recherche et des \u00e9tudes acad\u00e9miques en mati\u00e8re linguistique ;<\/li>\n\n\n\n<li>la promotion des actions de coop\u00e9ration transfrontali\u00e8res en mati\u00e8re linguistique dans la R\u00e9gion des Trois Fronti\u00e8res et la Grande R\u00e9gion.<\/li>\n<\/ul>\n\n\n\n<h2 class=\"wp-block-heading\">Conditions g\u00e9n\u00e9rales d\u2019utilisation<\/h2>\n\n\n\n<p>Les personnes acc\u00e9dant au site Web de ASBL FONDATION JEAN-BAPTISTE NOTHOMB acceptent les conditions suivantes.<\/p>\n\n\n\n<h2 class=\"wp-block-heading\">Information<\/h2>\n\n\n\n<p>Ce site a \u00e9t\u00e9 d\u00e9velopp\u00e9 par ASBL FONDATION JEAN-BAPTISTE NOTHOMB, qui l\u2019administre.<\/p>\n\n\n\n<p>ASBL FONDATION JEAN-BAPTISTE NOTHOMB met tout en \u0153uvre pour que les informations et les donn\u00e9es disponibles sur son site internet soient exactes et mises \u00e0 jour r\u00e9guli\u00e8rement. Les informations sur ce site sont consid\u00e9r\u00e9es provenir de sources fiables. Cependant, ASBL FONDATION JEAN-BAPTISTE NOTHOMB ne peut \u00eatre tenue responsable de toute erreur, omission, modification ou mise \u00e0 jour tardive de ces informations et donn\u00e9es. Par cons\u00e9quent, les internautes sont pri\u00e9s de ne pas fonder leurs d\u00e9cisions sur la base de ces informations, avant de v\u00e9rifier leur exactitude. L\u2019utilisateur reconna\u00eet utiliser ces donn\u00e9es et informations \u00e0 ses risques et p\u00e9rils.<\/p>\n\n\n\n<h2 class=\"wp-block-heading\">Liens<\/h2>\n\n\n\n<p>Ce site Web fournit des liens vers des sites Web tiers. ASBL FONDATION JEAN-BAPTISTE NOTHOMB fournit ces liens simplement pour des raisons de commodit\u00e9 et d\u00e9cline toute responsabilit\u00e9 quant \u00e0 la disponibilit\u00e9 ou au contenu de ces sites. Les utilisateurs acc\u00e8dent \u00e0 ces sites Web \u00e0 leurs propres risques.<\/p>\n\n\n\n<h2 class=\"wp-block-heading\">Droits d\u2019auteur<\/h2>\n\n\n\n<p>L\u2019ensemble du contenu de ce site Web, y compris le nom de domaine, les logos, graphiques et autres fichiers, appartient \u00e0 ASBL FONDATION JEAN-BAPTISTE NOTHOMB et est prot\u00e9g\u00e9 par des lois renfor\u00e7ant la propri\u00e9t\u00e9 intellectuelle. L\u2019internaute est libre de t\u00e9l\u00e9charger ou d\u2019imprimer des articles, des pages et \/ ou des sections de ce site Web \u00e0 condition que les mentions relatives aux droits d\u2019auteur et autres mentions de propri\u00e9t\u00e9 ne soient pas supprim\u00e9es.<\/p>\n\n\n\n<h2 class=\"wp-block-heading\">Loi applicable<\/h2>\n\n\n\n<p>Ce site est soumis au droit belge et rel\u00e8ve donc de la juridiction belge.<\/p>\n\n\n\n<h2 class=\"wp-block-heading\">Vie priv\u00e9e<\/h2>\n\n\n\n<p>ASBL FONDATION JEAN-BAPTISTE NOTHOMB respecte le r\u00e8glement (UE) 2016\/679 du Parlement europ\u00e9en et du Conseil du 27 avril 2016 relatif \u00e0 la protection des personnes physiques \u00e0 l\u2019\u00e9gard du traitement des donn\u00e9es \u00e0 caract\u00e8re personnel et \u00e0 la libre circulation de ces donn\u00e9es, et abrogeant la directive 95\/46\/CE (r\u00e8glement g\u00e9n\u00e9ral sur la protection des donn\u00e9es).<\/p>\n\n\n\n<p>ASBL FONDATION JEAN-BAPTISTE NOTHOMB conserve uniquement les donn\u00e9es personnelles qui lui sont communiqu\u00e9es par un formulaire ou par courrier \u00e9lectronique par vos soins. Les donn\u00e9es collect\u00e9es se limitent au strict n\u00e9cessaire. Vous autorisez ASBL FONDATION JEAN-BAPTISTE NOTHOMB \u00e0 traiter vos donn\u00e9es personnelles et \u00e0 les garder dans une ou plusieurs bases de donn\u00e9es dans le but de la gestion de ses activit\u00e9s. Seules les personnes autoris\u00e9es au sein de ASBL FONDATION JEAN-BAPTISTE NOTHOMB auront acc\u00e8s \u00e0 vos donn\u00e9es. Ces informations sont exclusivement utilis\u00e9es en interne. ASBL FONDATION JEAN-BAPTISTE NOTHOMB ne les transmet jamais \u00e0 des tiers et ne les utilise jamais \u00e0 des fins commerciales. Vous avez en permanence le droit de consulter vos donn\u00e9es, de corriger les erreurs ou de faire supprimer vos donn\u00e9es de notre fichier. Pour ce faire, veuillez nous contacter par e-mail (info@fondationjbnothomb.eu) ou par courrier (Adresse de contact : Rue Z\u00e9nobe Gramme 14 H13 B-6700 Arlon).<\/p>\n\n\n\n<p>ASBL FONDATION JEAN-BAPTISTE NOTHOMB utilise des cookies pour rendre plus facile et plus agr\u00e9able votre exp\u00e9rience de navigation sur son site internet. Lisez notre politique en mati\u00e8re de cookies. ASBL FONDATION JEAN-BAPTISTE NOTHOMB utilise un logiciel de mesure pour visualiser les pages les plus visit\u00e9es de son site, conna\u00eetre le nombre de visiteurs r\u00e9currents, etc. Mais ces mesures ne se font pas sur base de donn\u00e9es individuelles. Elles sont anonymes et ne servent qu\u2019\u00e0 am\u00e9liorer le contenu de son site.<\/p>\n\n\n\n<p><\/p>\n\n\n\n<p><\/p>\n","protected":false},"excerpt":{"rendered":"<p>Qui sommes-nous&nbsp;? \u00ab ASBL Fondation Jean-Baptiste Nothomb pour le plurilinguisme dans la R\u00e9gion des Trois Fronti\u00e8res et la Grande R\u00e9gion\u00bb Association sans but lucratif Rue Grande 100 (H\u00f4tel de Ville) \u00e0 6780 Messancy N.E. : 0451.616.360 L\u2019adresse de notre site Web est&nbsp;: https:\/\/www.fondationjbnothomb.eu. La FJBN pour le plurilinguisme dans la R\u00e9gion des Trois Fronti\u00e8res (Belgique, &hellip; <\/p>\n<p class=\"link-more\"><a href=\"https:\/\/fondationjbnothomb.eu\/?page_id=7\" class=\"more-link\">Continue reading<span class=\"screen-reader-text\"> \u00ab\u00a0Politique de confidentialit\u00e9 et mentions l\u00e9gales\u00a0\u00bb<\/span><\/a><\/p>\n","protected":false},"author":11,"featured_media":0,"parent":0,"menu_order":0,"comment_status":"closed","ping_status":"closed","template":"","meta":{"footnotes":""},"class_list":["post-7","page","type-page","status-publish","hentry"],"_links":{"self":[{"href":"https:\/\/fondationjbnothomb.eu\/index.php?rest_route=\/wp\/v2\/pages\/7","targetHints":{"allow":["GET"]}}],"collection":[{"href":"https:\/\/fondationjbnothomb.eu\/index.php?rest_route=\/wp\/v2\/pages"}],"about":[{"href":"https:\/\/fondationjbnothomb.eu\/index.php?rest_route=\/wp\/v2\/types\/page"}],"author":[{"embeddable":true,"href":"https:\/\/fondationjbnothomb.eu\/index.php?rest_route=\/wp\/v2\/users\/11"}],"replies":[{"embeddable":true,"href":"https:\/\/fondationjbnothomb.eu\/index.php?rest_route=%2Fwp%2Fv2%2Fcomments&post=7"}],"version-history":[{"count":10,"href":"https:\/\/fondationjbnothomb.eu\/index.php?rest_route=\/wp\/v2\/pages\/7\/revisions"}],"predecessor-version":[{"id":644,"href":"https:\/\/fondationjbnothomb.eu\/index.php?rest_route=\/wp\/v2\/pages\/7\/revisions\/644"}],"wp:attachment":[{"href":"https:\/\/fondationjbnothomb.eu\/index.php?rest_route=%2Fwp%2Fv2%2Fmedia&parent=7"}],"curies":[{"name":"wp","href":"https:\/\/api.w.org\/{rel}","templated":true}]}}