{"id":4,"date":"2022-02-17T00:46:36","date_gmt":"2022-02-16T23:46:36","guid":{"rendered":"https:\/\/www.fondationjbnothomb.eu\/?page_id=2"},"modified":"2024-09-04T14:15:07","modified_gmt":"2024-09-04T12:15:07","slug":"page-d-exemple","status":"publish","type":"page","link":"https:\/\/fondationjbnothomb.eu\/?page_id=4","title":{"rendered":"Organisation des \u00e9preuves de certification pour la langue allemande en d\u00e9centralisation \u00e0 Arlon par le Goethe-Institut"},"content":{"rendered":"\n<figure class=\"wp-block-image size-full\"><img loading=\"lazy\" decoding=\"async\" width=\"840\" height=\"55\" src=\"https:\/\/www.fondationjbnothomb.eu\/wp-content\/uploads\/2023\/08\/GI_Partner-Schriftzug_GRUEN.jpg\" alt=\"\" class=\"wp-image-381\" srcset=\"https:\/\/fondationjbnothomb.eu\/wp-content\/uploads\/2023\/08\/GI_Partner-Schriftzug_GRUEN.jpg 840w, https:\/\/fondationjbnothomb.eu\/wp-content\/uploads\/2023\/08\/GI_Partner-Schriftzug_GRUEN-300x20.jpg 300w, https:\/\/fondationjbnothomb.eu\/wp-content\/uploads\/2023\/08\/GI_Partner-Schriftzug_GRUEN-768x50.jpg 768w\" sizes=\"auto, (max-width: 767px) 89vw, (max-width: 1000px) 54vw, (max-width: 1071px) 543px, 580px\" \/><\/figure>\n\n\n\n<p>L&rsquo;ASBL Fondation Jean-Baptiste Nothomb accueille depuis de nombreuses ann\u00e9es \u00e0 Arlon les examens du \u00ab Goethe-Institut \u00bb de certification de la connaissance de la langue allemande. <\/p>\n\n\n\n<p>Les candidats, \u00e9l\u00e8ves, \u00e9tudiant(e)s ou autres personnes int\u00e9ress\u00e9(e)s, doivent nous faire parvenir les inscriptions et les documents y aff\u00e9rents (qui peuvent \u00eatre obtenus sur demande au moyen du formulaire de contact). <\/p>\n\n\n\n<p>Pour les candidats \u00e0 besoins sp\u00e9cifiques : l\u2019organisation de l&rsquo;examen peut \u00eatre modifi\u00e9e mais il faut nous le signaler lors de l\u2019inscription.<\/p>\n\n\n\n<p>Les \u00e9l\u00e8ves mineurs d\u2019\u00e2ge doivent faire signer la d\u00e9claration d\u2019approbation par un parent\/tuteur. <\/p>\n\n\n\n<p>Plus d&rsquo;informations vers le premier semestre de chaque ann\u00e9e.<\/p>\n\n\n\n<p><\/p>\n","protected":false},"excerpt":{"rendered":"<p>L&rsquo;ASBL Fondation Jean-Baptiste Nothomb accueille depuis de nombreuses ann\u00e9es \u00e0 Arlon les examens du \u00ab Goethe-Institut \u00bb de certification de la connaissance de la langue allemande. Les candidats, \u00e9l\u00e8ves, \u00e9tudiant(e)s ou autres personnes int\u00e9ress\u00e9(e)s, doivent nous faire parvenir les inscriptions et les documents y aff\u00e9rents (qui peuvent \u00eatre obtenus sur demande au moyen du formulaire &hellip; <\/p>\n<p class=\"link-more\"><a href=\"https:\/\/fondationjbnothomb.eu\/?page_id=4\" class=\"more-link\">Continuer la lecture<span class=\"screen-reader-text\"> de &laquo;&nbsp;Organisation des \u00e9preuves de certification pour la langue allemande en d\u00e9centralisation \u00e0 Arlon par le Goethe-Institut&nbsp;&raquo;<\/span><\/a><\/p>\n","protected":false},"author":11,"featured_media":0,"parent":0,"menu_order":0,"comment_status":"closed","ping_status":"closed","template":"","meta":{"footnotes":""},"class_list":["post-4","page","type-page","status-publish","hentry"],"_links":{"self":[{"href":"https:\/\/fondationjbnothomb.eu\/index.php?rest_route=\/wp\/v2\/pages\/4","targetHints":{"allow":["GET"]}}],"collection":[{"href":"https:\/\/fondationjbnothomb.eu\/index.php?rest_route=\/wp\/v2\/pages"}],"about":[{"href":"https:\/\/fondationjbnothomb.eu\/index.php?rest_route=\/wp\/v2\/types\/page"}],"author":[{"embeddable":true,"href":"https:\/\/fondationjbnothomb.eu\/index.php?rest_route=\/wp\/v2\/users\/11"}],"replies":[{"embeddable":true,"href":"https:\/\/fondationjbnothomb.eu\/index.php?rest_route=%2Fwp%2Fv2%2Fcomments&post=4"}],"version-history":[{"count":7,"href":"https:\/\/fondationjbnothomb.eu\/index.php?rest_route=\/wp\/v2\/pages\/4\/revisions"}],"predecessor-version":[{"id":390,"href":"https:\/\/fondationjbnothomb.eu\/index.php?rest_route=\/wp\/v2\/pages\/4\/revisions\/390"}],"wp:attachment":[{"href":"https:\/\/fondationjbnothomb.eu\/index.php?rest_route=%2Fwp%2Fv2%2Fmedia&parent=4"}],"curies":[{"name":"wp","href":"https:\/\/api.w.org\/{rel}","templated":true}]}}