{"id":159,"date":"2023-08-01T18:18:08","date_gmt":"2023-08-01T16:18:08","guid":{"rendered":"https:\/\/www.fondationjbnothomb.eu\/?page_id=159"},"modified":"2024-09-04T14:15:00","modified_gmt":"2024-09-04T12:15:00","slug":"nous-soutenir-financierement","status":"publish","type":"page","link":"https:\/\/fondationjbnothomb.eu\/?page_id=159","title":{"rendered":"Nous contacter et nous soutenir"},"content":{"rendered":"\n<h2 class=\"wp-block-heading\">Notre action vous int\u00e9resse et vous aimeriez, vous aussi, y participer, selon vos possibilit\u00e9s et vos talents ?<\/h2>\n\n\n\n<p>N\u2019h\u00e9sitez pas \u00e0 prendre contact avec nous:  <\/p>\n\n\n\n<ul class=\"wp-block-social-links is-style-logos-only is-horizontal is-layout-flex wp-block-social-links-is-layout-flex\"><li class=\"wp-social-link wp-social-link-mail  wp-block-social-link\"><a href=\"mailto:&#105;&#110;&#102;&#111;&#064;fon&#100;&#097;&#116;&#105;&#111;n&#106;b&#110;o&#116;&#104;o&#109;&#098;.e&#117;\" class=\"wp-block-social-link-anchor\"><svg width=\"24\" height=\"24\" viewBox=\"0 0 24 24\" version=\"1.1\" xmlns=\"http:\/\/www.w3.org\/2000\/svg\" aria-hidden=\"true\" focusable=\"false\"><path d=\"M19,5H5c-1.1,0-2,.9-2,2v10c0,1.1.9,2,2,2h14c1.1,0,2-.9,2-2V7c0-1.1-.9-2-2-2zm.5,12c0,.3-.2.5-.5.5H5c-.3,0-.5-.2-.5-.5V9.8l7.5,5.6,7.5-5.6V17zm0-9.1L12,13.6,4.5,7.9V7c0-.3.2-.5.5-.5h14c.3,0,.5.2.5.5v.9z\"><\/path><\/svg><span class=\"wp-block-social-link-label screen-reader-text\">Mail<\/span><\/a><\/li>\n\n<li class=\"wp-social-link wp-social-link-facebook  wp-block-social-link\"><a href=\"https:\/\/www.facebook.com\/asbl.fondationjbnothomb\/\" class=\"wp-block-social-link-anchor\"><svg width=\"24\" height=\"24\" viewBox=\"0 0 24 24\" version=\"1.1\" xmlns=\"http:\/\/www.w3.org\/2000\/svg\" aria-hidden=\"true\" focusable=\"false\"><path d=\"M12 2C6.5 2 2 6.5 2 12c0 5 3.7 9.1 8.4 9.9v-7H7.9V12h2.5V9.8c0-2.5 1.5-3.9 3.8-3.9 1.1 0 2.2.2 2.2.2v2.5h-1.3c-1.2 0-1.6.8-1.6 1.6V12h2.8l-.4 2.9h-2.3v7C18.3 21.1 22 17 22 12c0-5.5-4.5-10-10-10z\"><\/path><\/svg><span class=\"wp-block-social-link-label screen-reader-text\">Facebook<\/span><\/a><\/li><\/ul>\n\n\n\n<hr class=\"wp-block-separator has-alpha-channel-opacity\"\/>\n\n\n\n<p>Quelle que soit votre contribution, elle sera la bienvenue :<\/p>\n\n\n\n<ul class=\"wp-block-list\">\n<li>un coup de main occasionnel, lors des \u00e9v\u00e9nements que nous organisons, <\/li>\n<\/ul>\n\n\n\n<ul class=\"wp-block-list\">\n<li>un appui financier, qui nous permettra de vous proposer des \u00e9v\u00e9nements de qualit\u00e9<br>Compte bancaire : IBAN BE27 0682 0560 5873<br>N&rsquo;oubliez pas de mentionner vos nom, pr\u00e9nom et adresse postale dans la communication, s\u2019il vous pla\u00eet. Merci !<\/li>\n<\/ul>\n\n\n\n<hr class=\"wp-block-separator has-alpha-channel-opacity\"\/>\n","protected":false},"excerpt":{"rendered":"<p>Notre action vous int\u00e9resse et vous aimeriez, vous aussi, y participer, selon vos possibilit\u00e9s et vos talents ? N\u2019h\u00e9sitez pas \u00e0 prendre contact avec nous: Quelle que soit votre contribution, elle sera la bienvenue :<\/p>\n","protected":false},"author":11,"featured_media":0,"parent":0,"menu_order":0,"comment_status":"closed","ping_status":"closed","template":"","meta":{"footnotes":""},"class_list":["post-159","page","type-page","status-publish","hentry"],"_links":{"self":[{"href":"https:\/\/fondationjbnothomb.eu\/index.php?rest_route=\/wp\/v2\/pages\/159","targetHints":{"allow":["GET"]}}],"collection":[{"href":"https:\/\/fondationjbnothomb.eu\/index.php?rest_route=\/wp\/v2\/pages"}],"about":[{"href":"https:\/\/fondationjbnothomb.eu\/index.php?rest_route=\/wp\/v2\/types\/page"}],"author":[{"embeddable":true,"href":"https:\/\/fondationjbnothomb.eu\/index.php?rest_route=\/wp\/v2\/users\/11"}],"replies":[{"embeddable":true,"href":"https:\/\/fondationjbnothomb.eu\/index.php?rest_route=%2Fwp%2Fv2%2Fcomments&post=159"}],"version-history":[{"count":15,"href":"https:\/\/fondationjbnothomb.eu\/index.php?rest_route=\/wp\/v2\/pages\/159\/revisions"}],"predecessor-version":[{"id":916,"href":"https:\/\/fondationjbnothomb.eu\/index.php?rest_route=\/wp\/v2\/pages\/159\/revisions\/916"}],"wp:attachment":[{"href":"https:\/\/fondationjbnothomb.eu\/index.php?rest_route=%2Fwp%2Fv2%2Fmedia&parent=159"}],"curies":[{"name":"wp","href":"https:\/\/api.w.org\/{rel}","templated":true}]}}