{"id":143,"date":"2023-08-01T18:18:32","date_gmt":"2023-08-01T16:18:32","guid":{"rendered":"https:\/\/www.fondationjbnothomb.eu\/?page_id=143"},"modified":"2026-01-04T18:49:13","modified_gmt":"2026-01-04T17:49:13","slug":"tables-de-conversation","status":"publish","type":"page","link":"https:\/\/fondationjbnothomb.eu\/?page_id=143","title":{"rendered":"Tables de conversation"},"content":{"rendered":"\n<p><strong>Localisation<br><\/strong>H\u00e9nallux Campus Arlon, Place du Lieutenant Callemeyn, 11, Arlon<br>B\u00e2timent Luxembourg &#8211; \u00e0 c\u00f4t\u00e9 de l\u2019ancienne chapelle<br>Des pr\u00e9cisions vous seront communiqu\u00e9es apr\u00e8s\u00a0l&rsquo;inscription.<\/p>\n\n\n\n<p>L&rsquo;asbl Fondation Jean-Baptiste Nothomb lance un nouveau cycle de 15 tables de conversation, en six langues (allemand, anglais, espagnol, italien, luxembourgeois, n\u00e9erlandais, sous r\u00e9serve d\u2019un nombre suffisant d\u2019inscriptions), \u00e0 partir du 3 f\u00e9vrier 2026.<\/p>\n\n\n\n<p>Il n&rsquo;est pas n\u00e9cessaire d&rsquo;avoir particip\u00e9 au premier cycle pour participer au second.<\/p>\n\n\n\n<p>L&rsquo;\u00e9quivalent d&rsquo;un niveau B1 dans la langue choisie est requis.<\/p>\n\n\n\n<p>Pour tout renseignement, merci de prendre contact <\/p>\n\n\n\n<p>par t\u00e9l\u00e9phone : +32 (0)470 98 73 01<br>mardi, mercredi et vendredi: 7h30-8h00, 13h30-14h30, 20h00-21h00 <br>samedi: 10h00-11h00<\/p>\n\n\n\n<p>ou par e-mail: info@fondationjbnothomb.eu<\/p>\n\n\n\n<p>Le prix est de&nbsp;<strong>120\u20ac pour 15 s\u00e9ances<\/strong>, \u00e0 verser, \u00e0 l&rsquo;inscription,<br>sur le compte n\u00b0 BE27 0682 0560 5873 de l\u2019asbl Fondation Jean-Baptiste Nothomb<\/p>\n\n\n\n<p>Mention: \u00ab(Nom et pr\u00e9nom), Table de conversation, (langue)\u00bb<\/p>\n\n\n\n<p>Vous retrouverez le calendrier complet et d&rsquo;autres informations sur les activit\u00e9s de l\u2019asbl Fondation Jean-Baptiste Nothomb sur le <a href=\"https:\/\/www.fondationjbnothomb.eu\/\" target=\"_blank\" rel=\"noreferrer noopener\">blog <\/a>ou sur la <a href=\"https:\/\/www.facebook.com\/asbl.fondationjbnothomb\/\" target=\"_blank\" rel=\"noreferrer noopener\">page Facebook<\/a> de l\u2019association.<\/p>\n\n\n\n<div class=\"wp-block-buttons is-content-justification-center is-layout-flex wp-container-core-buttons-is-layout-16018d1d wp-block-buttons-is-layout-flex\">\n<div class=\"wp-block-button\"><a class=\"wp-block-button__link has-text-align-center wp-element-button\" href=\"https:\/\/forms.gle\/C9AX3mqckGaALdLY7\" target=\"_blank\" rel=\"noreferrer noopener\">Formulaire d&rsquo;inscription<\/a><\/div>\n<\/div>\n\n\n\n<hr class=\"wp-block-separator has-alpha-channel-opacity\"\/>\n\n\n<div class=\"wp-block-image\">\n<figure class=\"aligncenter size-full\"><img loading=\"lazy\" decoding=\"async\" width=\"531\" height=\"751\" src=\"https:\/\/www.fondationjbnothomb.eu\/wp-content\/uploads\/2024\/01\/2026-02_annonce_tables.jpg\" alt=\"\" class=\"wp-image-1185\" srcset=\"https:\/\/fondationjbnothomb.eu\/wp-content\/uploads\/2024\/01\/2026-02_annonce_tables.jpg 531w, https:\/\/fondationjbnothomb.eu\/wp-content\/uploads\/2024\/01\/2026-02_annonce_tables-212x300.jpg 212w\" sizes=\"auto, (max-width: 531px) 100vw, 531px\" \/><\/figure>\n<\/div>\n\n\n<hr class=\"wp-block-separator has-alpha-channel-opacity\"\/>\n\n\n\n<p>Depuis plusieurs ann\u00e9es, nous organisons des tables de conversation en allemand, espagnol, luxembourgeois, anglais, italien et n\u00e9erlandais. Nous envisageons la mise en place de tables de conversation en fran\u00e7ais.<\/p>\n\n\n\n<p>Il ne s\u2019agit pas de suivre un cours de langue, mais de mobiliser dans la pratique les connaissances acquises par ailleurs.<\/p>\n\n\n\n<p>L\u2019animation est assur\u00e9e par une personne \u00ab native speaker \u00bb et les groupes sont restreints.<\/p>\n\n\n\n<p>Le premier cycle de 15 tables (d\u2019une dur\u00e9e d\u2019environ 1h30) d\u00e9marre en septembre\/octobre, pour se terminer fin janvier. Un deuxi\u00e8me cycle de 15 tables d\u00e9marre en f\u00e9vrier jusque juin. Ces cycles sont ind\u00e9pendants.<\/p>\n\n\n\n<p>Le niveau de connaissance demand\u00e9 est B1 (<a href=\"https:\/\/www.coe.int\/fr\/web\/common-european-framework-reference-languages\/table-1-cefr-3.3-common-reference-levels-global-scale\" data-type=\"URL\" data-id=\"https:\/\/www.coe.int\/fr\/web\/common-european-framework-reference-languages\/table-1-cefr-3.3-common-reference-levels-global-scale\" target=\"_blank\" rel=\"noreferrer noopener\">Cadre europ\u00e9en commun de r\u00e9f\u00e9rence pour les langues<\/a>)<\/p>\n\n\n\n<p><strong><em>Pour une premi\u00e8re inscription, il est indispensable de prendre <a href=\"https:\/\/www.fondationjbnothomb.eu\/?page_id=159\" data-type=\"link\" data-id=\"https:\/\/www.fondationjbnothomb.eu\/?page_id=159\" target=\"_blank\" rel=\"noreferrer noopener\">contact <\/a>au pr\u00e9alable.<\/em><\/strong><\/p>\n\n\n\n<h2 class=\"wp-block-heading\"><\/h2>\n\n\n\n<p><\/p>\n","protected":false},"excerpt":{"rendered":"<p>LocalisationH\u00e9nallux Campus Arlon, Place du Lieutenant Callemeyn, 11, ArlonB\u00e2timent Luxembourg &#8211; \u00e0 c\u00f4t\u00e9 de l\u2019ancienne chapelleDes pr\u00e9cisions vous seront communiqu\u00e9es apr\u00e8s\u00a0l&rsquo;inscription. L&rsquo;asbl Fondation Jean-Baptiste Nothomb lance un nouveau cycle de 15 tables de conversation, en six langues (allemand, anglais, espagnol, italien, luxembourgeois, n\u00e9erlandais, sous r\u00e9serve d\u2019un nombre suffisant d\u2019inscriptions), \u00e0 partir du 3 f\u00e9vrier 2026. &hellip; <\/p>\n<p class=\"link-more\"><a href=\"https:\/\/fondationjbnothomb.eu\/?page_id=143\" class=\"more-link\">Continuer la lecture<span class=\"screen-reader-text\"> de &laquo;&nbsp;Tables de conversation&nbsp;&raquo;<\/span><\/a><\/p>\n","protected":false},"author":11,"featured_media":0,"parent":0,"menu_order":0,"comment_status":"closed","ping_status":"closed","template":"","meta":{"footnotes":""},"class_list":["post-143","page","type-page","status-publish","hentry"],"_links":{"self":[{"href":"https:\/\/fondationjbnothomb.eu\/index.php?rest_route=\/wp\/v2\/pages\/143","targetHints":{"allow":["GET"]}}],"collection":[{"href":"https:\/\/fondationjbnothomb.eu\/index.php?rest_route=\/wp\/v2\/pages"}],"about":[{"href":"https:\/\/fondationjbnothomb.eu\/index.php?rest_route=\/wp\/v2\/types\/page"}],"author":[{"embeddable":true,"href":"https:\/\/fondationjbnothomb.eu\/index.php?rest_route=\/wp\/v2\/users\/11"}],"replies":[{"embeddable":true,"href":"https:\/\/fondationjbnothomb.eu\/index.php?rest_route=%2Fwp%2Fv2%2Fcomments&post=143"}],"version-history":[{"count":41,"href":"https:\/\/fondationjbnothomb.eu\/index.php?rest_route=\/wp\/v2\/pages\/143\/revisions"}],"predecessor-version":[{"id":1196,"href":"https:\/\/fondationjbnothomb.eu\/index.php?rest_route=\/wp\/v2\/pages\/143\/revisions\/1196"}],"wp:attachment":[{"href":"https:\/\/fondationjbnothomb.eu\/index.php?rest_route=%2Fwp%2Fv2%2Fmedia&parent=143"}],"curies":[{"name":"wp","href":"https:\/\/api.w.org\/{rel}","templated":true}]}}